{"id":14,"date":"2025-04-22T16:03:12","date_gmt":"2025-04-22T19:03:12","guid":{"rendered":"http:\/\/bertaconsultoria.web197.kinghost.net\/?page_id=14"},"modified":"2025-06-18T08:38:21","modified_gmt":"2025-06-18T11:38:21","slug":"quem-somos","status":"publish","type":"page","link":"http:\/\/www.bertaconsultoria.com.br\/index.php\/quem-somos\/","title":{"rendered":"Quem Somos"},"content":{"rendered":"\t\t<div data-elementor-type=\"wp-page\" data-elementor-id=\"14\" class=\"elementor elementor-14\" data-elementor-settings=\"{&quot;ha_cmc_init_switcher&quot;:&quot;no&quot;}\">\n\t\t\t\t<div class=\"elementor-element elementor-element-378d641 e-flex e-con-boxed e-con e-parent\" data-id=\"378d641\" data-element_type=\"container\" data-e-type=\"container\" data-settings=\"{&quot;background_background&quot;:&quot;classic&quot;,&quot;_ha_eqh_enable&quot;:false}\">\n\t\t\t\t\t<div class=\"e-con-inner\">\n\t\t<div class=\"elementor-element elementor-element-1994ab3 e-con-full e-flex e-con e-child\" data-id=\"1994ab3\" data-element_type=\"container\" data-e-type=\"container\" data-settings=\"{&quot;_ha_eqh_enable&quot;:false}\">\n\t\t\t\t<div class=\"elementor-element elementor-element-2539393 elementor-widget elementor-widget-heading\" data-id=\"2539393\" data-element_type=\"widget\" data-e-type=\"widget\" data-widget_type=\"heading.default\">\n\t\t\t\t<div class=\"elementor-widget-container\">\n\t\t\t\t\t<h2 class=\"elementor-heading-title elementor-size-default\">Conhe\u00e7a nossa \nhist\u00f3ria<\/h2>\t\t\t\t<\/div>\n\t\t\t\t<\/div>\n\t\t\t\t<div class=\"elementor-element elementor-element-f110242 elementor-widget elementor-widget-text-editor\" data-id=\"f110242\" data-element_type=\"widget\" data-e-type=\"widget\" data-widget_type=\"text-editor.default\">\n\t\t\t\t<div class=\"elementor-widget-container\">\n\t\t\t\t\t\t\t\t\t<h5 class=\"uk-margin-xlarge uk-margin-remove-bottom uk-width-2xlarge uk-text-left\"><strong><span style=\"font-size: 16px;\">A Berta Consultoria atua h\u00e1 mais de 16 anos com Sa\u00fade e Seguran\u00e7a do Trabalho, oferecendo solu\u00e7\u00f5es estrat\u00e9gicas que garantem ambientes mais seguros, eficientes e em conformidade com a legisla\u00e7\u00e3o.<\/span><\/strong><\/h5>\t\t\t\t\t\t\t\t<\/div>\n\t\t\t\t<\/div>\n\t\t\t\t<\/div>\n\t\t<div class=\"elementor-element elementor-element-d97e53e e-con-full e-flex e-con e-child\" data-id=\"d97e53e\" data-element_type=\"container\" data-e-type=\"container\" data-settings=\"{&quot;_ha_eqh_enable&quot;:false}\">\n\t\t\t\t<\/div>\n\t\t\t\t\t<\/div>\n\t\t\t\t<\/div>\n\t\t<div class=\"elementor-element elementor-element-fc4ce18 e-flex e-con-boxed e-con e-parent\" data-id=\"fc4ce18\" data-element_type=\"container\" data-e-type=\"container\" data-settings=\"{&quot;background_background&quot;:&quot;classic&quot;,&quot;_ha_eqh_enable&quot;:false}\">\n\t\t\t\t\t<div class=\"e-con-inner\">\n\t\t<div class=\"elementor-element elementor-element-f294f43 e-con-full e-flex e-con e-child\" data-id=\"f294f43\" data-element_type=\"container\" data-e-type=\"container\" data-settings=\"{&quot;_ha_eqh_enable&quot;:false}\">\n\t\t\t\t<div class=\"elementor-element elementor-element-a7cda1f elementor-widget elementor-widget-heading\" data-id=\"a7cda1f\" data-element_type=\"widget\" data-e-type=\"widget\" data-widget_type=\"heading.default\">\n\t\t\t\t<div class=\"elementor-widget-container\">\n\t\t\t\t\t<h2 class=\"elementor-heading-title elementor-size-default\">Sobre a Berta<\/h2>\t\t\t\t<\/div>\n\t\t\t\t<\/div>\n\t\t\t\t<div class=\"elementor-element elementor-element-1b3273a elementor-widget elementor-widget-text-editor\" data-id=\"1b3273a\" data-element_type=\"widget\" data-e-type=\"widget\" data-widget_type=\"text-editor.default\">\n\t\t\t\t<div class=\"elementor-widget-container\">\n\t\t\t\t\t\t\t\t\t<h5 data-start=\"153\" data-end=\"375\"><span style=\"color: #333333;\"><strong data-start=\"153\" data-end=\"373\">Fundada em 2009, a Berta Consultoria \u00e9 refer\u00eancia em Sa\u00fade e Seguran\u00e7a do Trabalho na Baixada Santista, oferecendo solu\u00e7\u00f5es completas para o cumprimento das Normas Regulamentadoras e preven\u00e7\u00e3o de riscos ocupacionais.<\/strong><\/span><\/h5><h6 data-start=\"377\" data-end=\"593\"><span style=\"color: #333333;\">Com foco em conformidade legal, redu\u00e7\u00e3o de acidentes e promo\u00e7\u00e3o da sa\u00fade no ambiente corporativo, a empresa atua na implanta\u00e7\u00e3o e gest\u00e3o de programas de SST, sempre alinhada \u00e0s exig\u00eancias da legisla\u00e7\u00e3o trabalhista.<\/span><\/h6><h6 data-start=\"595\" data-end=\"758\"><span style=\"color: #333333;\">Conta com uma carteira s\u00f3lida de mais de 1.800 empresas atendidas, fruto de sua agilidade, flexibilidade e compromisso com a excel\u00eancia na presta\u00e7\u00e3o de servi\u00e7os.<\/span><\/h6><h6 data-start=\"760\" data-end=\"972\"><span style=\"color: #333333;\">A Berta \u00e9 guiada por valores como educa\u00e7\u00e3o, seguran\u00e7a, sa\u00fade e qualidade de vida, e tem como miss\u00e3o superar as expectativas de seus clientes, promovendo ambientes de trabalho mais seguros, humanos e sustent\u00e1veis.<\/span><\/h6>\t\t\t\t\t\t\t\t<\/div>\n\t\t\t\t<\/div>\n\t\t\t\t<\/div>\n\t\t\t\t\t<\/div>\n\t\t\t\t<\/div>\n\t\t<div class=\"elementor-element elementor-element-b046356 e-flex e-con-boxed e-con e-parent\" data-id=\"b046356\" data-element_type=\"container\" data-e-type=\"container\" data-settings=\"{&quot;background_background&quot;:&quot;classic&quot;,&quot;_ha_eqh_enable&quot;:false}\">\n\t\t\t\t\t<div class=\"e-con-inner\">\n\t\t\t\t<div class=\"elementor-element elementor-element-21e9ed2 elementor-widget elementor-widget-text-editor\" data-id=\"21e9ed2\" data-element_type=\"widget\" data-e-type=\"widget\" data-widget_type=\"text-editor.default\">\n\t\t\t\t<div class=\"elementor-widget-container\">\n\t\t\t\t\t\t\t\t\t<p>Conhe\u00e7a a miss\u00e3o, vis\u00e3o e valores que guiam a Berta Consultoria na constru\u00e7\u00e3o de ambientes de trabalho mais seguros, humanos e sustent\u00e1veis, com foco na excel\u00eancia e no compromisso com a vida.<\/p>\t\t\t\t\t\t\t\t<\/div>\n\t\t\t\t<\/div>\n\t\t\t\t\t<\/div>\n\t\t\t\t<\/div>\n\t\t<div class=\"elementor-element elementor-element-fcb58c8 e-flex e-con-boxed e-con e-parent\" data-id=\"fcb58c8\" data-element_type=\"container\" data-e-type=\"container\" data-settings=\"{&quot;_ha_eqh_enable&quot;:false}\">\n\t\t\t\t\t<div class=\"e-con-inner\">\n\t\t<div class=\"elementor-element elementor-element-162a48b e-con-full e-flex e-con e-child\" data-id=\"162a48b\" data-element_type=\"container\" data-e-type=\"container\" data-settings=\"{&quot;_ha_eqh_enable&quot;:false}\">\n\t\t\t\t<div class=\"elementor-element elementor-element-0cbdd34 elementor-widget elementor-widget-image\" data-id=\"0cbdd34\" data-element_type=\"widget\" data-e-type=\"widget\" data-widget_type=\"image.default\">\n\t\t\t\t<div class=\"elementor-widget-container\">\n\t\t\t\t\t\t\t\t\t\t\t\t\t\t\t<img fetchpriority=\"high\" decoding=\"async\" width=\"800\" height=\"800\" src=\"https:\/\/www.bertaconsultoria.com.br\/wp-content\/uploads\/2025\/05\/missao.png\" class=\"attachment-large size-large wp-image-357\" alt=\"\" srcset=\"https:\/\/www.bertaconsultoria.com.br\/wp-content\/uploads\/2025\/05\/missao.png 945w, https:\/\/www.bertaconsultoria.com.br\/wp-content\/uploads\/2025\/05\/missao-300x300.png 300w, https:\/\/www.bertaconsultoria.com.br\/wp-content\/uploads\/2025\/05\/missao-150x150.png 150w, https:\/\/www.bertaconsultoria.com.br\/wp-content\/uploads\/2025\/05\/missao-768x768.png 768w\" sizes=\"(max-width: 800px) 100vw, 800px\" \/>\t\t\t\t\t\t\t\t\t\t\t\t\t\t\t<\/div>\n\t\t\t\t<\/div>\n\t\t\t\t<div class=\"elementor-element elementor-element-d169915 elementor-widget elementor-widget-heading\" data-id=\"d169915\" data-element_type=\"widget\" data-e-type=\"widget\" data-widget_type=\"heading.default\">\n\t\t\t\t<div class=\"elementor-widget-container\">\n\t\t\t\t\t<h2 class=\"elementor-heading-title elementor-size-default\">MISS\u00c3O<\/h2>\t\t\t\t<\/div>\n\t\t\t\t<\/div>\n\t\t\t\t<div class=\"elementor-element elementor-element-81845d5 elementor-widget elementor-widget-text-editor\" data-id=\"81845d5\" data-element_type=\"widget\" data-e-type=\"widget\" data-widget_type=\"text-editor.default\">\n\t\t\t\t<div class=\"elementor-widget-container\">\n\t\t\t\t\t\t\t\t\t<p>Assegurar a prote\u00e7\u00e3o de empresas contra multas e processos por meio de solu\u00e7\u00f5es eficazes em sa\u00fade e seguran\u00e7a no trabalho, preservando a integridade dos colaboradores e promovendo ambientes laborais seguros e saud\u00e1veis.<\/p>\t\t\t\t\t\t\t\t<\/div>\n\t\t\t\t<\/div>\n\t\t\t\t<\/div>\n\t\t<div class=\"elementor-element elementor-element-9a3aaae e-con-full e-flex e-con e-child\" data-id=\"9a3aaae\" data-element_type=\"container\" data-e-type=\"container\" data-settings=\"{&quot;_ha_eqh_enable&quot;:false}\">\n\t\t\t\t<div class=\"elementor-element elementor-element-29a0b02 elementor-widget elementor-widget-image\" data-id=\"29a0b02\" data-element_type=\"widget\" data-e-type=\"widget\" data-widget_type=\"image.default\">\n\t\t\t\t<div class=\"elementor-widget-container\">\n\t\t\t\t\t\t\t\t\t\t\t\t\t\t\t<img decoding=\"async\" width=\"800\" height=\"800\" src=\"https:\/\/www.bertaconsultoria.com.br\/wp-content\/uploads\/2025\/05\/visao-2.png\" class=\"attachment-large size-large wp-image-358\" alt=\"\" srcset=\"https:\/\/www.bertaconsultoria.com.br\/wp-content\/uploads\/2025\/05\/visao-2.png 945w, https:\/\/www.bertaconsultoria.com.br\/wp-content\/uploads\/2025\/05\/visao-2-300x300.png 300w, https:\/\/www.bertaconsultoria.com.br\/wp-content\/uploads\/2025\/05\/visao-2-150x150.png 150w, https:\/\/www.bertaconsultoria.com.br\/wp-content\/uploads\/2025\/05\/visao-2-768x768.png 768w\" sizes=\"(max-width: 800px) 100vw, 800px\" \/>\t\t\t\t\t\t\t\t\t\t\t\t\t\t\t<\/div>\n\t\t\t\t<\/div>\n\t\t\t\t<div class=\"elementor-element elementor-element-6b2e1a1 elementor-widget elementor-widget-heading\" data-id=\"6b2e1a1\" data-element_type=\"widget\" data-e-type=\"widget\" data-widget_type=\"heading.default\">\n\t\t\t\t<div class=\"elementor-widget-container\">\n\t\t\t\t\t<h2 class=\"elementor-heading-title elementor-size-default\">VIS\u00c3O<\/h2>\t\t\t\t<\/div>\n\t\t\t\t<\/div>\n\t\t\t\t<div class=\"elementor-element elementor-element-d33d990 elementor-widget elementor-widget-text-editor\" data-id=\"d33d990\" data-element_type=\"widget\" data-e-type=\"widget\" data-widget_type=\"text-editor.default\">\n\t\t\t\t<div class=\"elementor-widget-container\">\n\t\t\t\t\t\t\t\t\t<p>Comprometimento, integridade, inova\u00e7\u00e3o, colabora\u00e7\u00e3o e empatia. Priorizamos a \u00e9tica, a transpar\u00eancia e o trabalho em equipe, com sensibilidade e inova\u00e7\u00e3o constante para promover ambientes de trabalho mais humanizados.<\/p>\t\t\t\t\t\t\t\t<\/div>\n\t\t\t\t<\/div>\n\t\t\t\t<\/div>\n\t\t<div class=\"elementor-element elementor-element-9a9d762 e-con-full e-flex e-con e-child\" data-id=\"9a9d762\" data-element_type=\"container\" data-e-type=\"container\" data-settings=\"{&quot;_ha_eqh_enable&quot;:false}\">\n\t\t\t\t<div class=\"elementor-element elementor-element-9ca74a3 elementor-widget elementor-widget-image\" data-id=\"9ca74a3\" data-element_type=\"widget\" data-e-type=\"widget\" data-widget_type=\"image.default\">\n\t\t\t\t<div class=\"elementor-widget-container\">\n\t\t\t\t\t\t\t\t\t\t\t\t\t\t\t<img decoding=\"async\" width=\"800\" height=\"800\" src=\"https:\/\/www.bertaconsultoria.com.br\/wp-content\/uploads\/2025\/05\/valores.png\" class=\"attachment-large size-large wp-image-359\" alt=\"\" srcset=\"https:\/\/www.bertaconsultoria.com.br\/wp-content\/uploads\/2025\/05\/valores.png 945w, https:\/\/www.bertaconsultoria.com.br\/wp-content\/uploads\/2025\/05\/valores-300x300.png 300w, https:\/\/www.bertaconsultoria.com.br\/wp-content\/uploads\/2025\/05\/valores-150x150.png 150w, https:\/\/www.bertaconsultoria.com.br\/wp-content\/uploads\/2025\/05\/valores-768x768.png 768w\" sizes=\"(max-width: 800px) 100vw, 800px\" \/>\t\t\t\t\t\t\t\t\t\t\t\t\t\t\t<\/div>\n\t\t\t\t<\/div>\n\t\t\t\t<div class=\"elementor-element elementor-element-6f37bdd elementor-widget elementor-widget-heading\" data-id=\"6f37bdd\" data-element_type=\"widget\" data-e-type=\"widget\" data-widget_type=\"heading.default\">\n\t\t\t\t<div class=\"elementor-widget-container\">\n\t\t\t\t\t<h2 class=\"elementor-heading-title elementor-size-default\">VALORES<\/h2>\t\t\t\t<\/div>\n\t\t\t\t<\/div>\n\t\t\t\t<div class=\"elementor-element elementor-element-ab7aa33 elementor-widget elementor-widget-text-editor\" data-id=\"ab7aa33\" data-element_type=\"widget\" data-e-type=\"widget\" data-widget_type=\"text-editor.default\">\n\t\t\t\t<div class=\"elementor-widget-container\">\n\t\t\t\t\t\t\t\t\t<p>Buscamos a lideran\u00e7a com excel\u00eancia e inova\u00e7\u00e3o em sa\u00fade e seguran\u00e7a no trabalho, sendo a principal escolha para empresas comprometidas com o bem-estar de seus colaboradores.<\/p>\t\t\t\t\t\t\t\t<\/div>\n\t\t\t\t<\/div>\n\t\t\t\t<\/div>\n\t\t\t\t\t<\/div>\n\t\t\t\t<\/div>\n\t\t<div class=\"elementor-element elementor-element-1a1c8b9 e-flex e-con-boxed e-con e-parent\" data-id=\"1a1c8b9\" data-element_type=\"container\" data-e-type=\"container\" data-settings=\"{&quot;background_background&quot;:&quot;classic&quot;,&quot;_ha_eqh_enable&quot;:false}\">\n\t\t\t\t\t<div class=\"e-con-inner\">\n\t\t\t\t<div class=\"elementor-element elementor-element-aa8e40d elementor-widget elementor-widget-heading\" data-id=\"aa8e40d\" data-element_type=\"widget\" data-e-type=\"widget\" data-widget_type=\"heading.default\">\n\t\t\t\t<div class=\"elementor-widget-container\">\n\t\t\t\t\t<h2 class=\"elementor-heading-title elementor-size-default\">Seguran\u00e7a jur\u00eddica e cuidado com o colaborador: Conhe\u00e7a a Berta<\/h2>\t\t\t\t<\/div>\n\t\t\t\t<\/div>\n\t\t\t\t<div class=\"elementor-element elementor-element-df0efc0 elementor-widget elementor-widget-text-editor\" data-id=\"df0efc0\" data-element_type=\"widget\" data-e-type=\"widget\" data-widget_type=\"text-editor.default\">\n\t\t\t\t<div class=\"elementor-widget-container\">\n\t\t\t\t\t\t\t\t\t<p>No v\u00eddeo abaixo, explicamos como a Berta Consultoria pode ajudar voc\u00ea, empres\u00e1rio ou empresa, a cuidar dos seus colaboradores e da parte jur\u00eddica do seu neg\u00f3cio. Com expertise de 16 anos, n\u00f3s trabalhamos para eliminar riscos de passivos trabalhistas, trazendo solu\u00e7\u00f5es eficientes e seguras para o seu dia a dia empresarial. Confira!<\/p>\t\t\t\t\t\t\t\t<\/div>\n\t\t\t\t<\/div>\n\t\t\t\t\t<\/div>\n\t\t\t\t<\/div>\n\t\t<div class=\"elementor-element elementor-element-364fe2c e-flex e-con-boxed e-con e-parent\" data-id=\"364fe2c\" data-element_type=\"container\" data-e-type=\"container\" data-settings=\"{&quot;background_background&quot;:&quot;classic&quot;,&quot;_ha_eqh_enable&quot;:false}\">\n\t\t\t\t\t<div class=\"e-con-inner\">\n\t\t<div class=\"elementor-element elementor-element-9ba05bd e-con-full e-flex e-con e-child\" data-id=\"9ba05bd\" data-element_type=\"container\" data-e-type=\"container\" data-settings=\"{&quot;_ha_eqh_enable&quot;:false}\">\n\t\t\t\t<div class=\"elementor-element elementor-element-a55774c elementor-widget elementor-widget-video\" data-id=\"a55774c\" data-element_type=\"widget\" data-e-type=\"widget\" data-settings=\"{&quot;youtube_url&quot;:&quot;https:\\\/\\\/youtu.be\\\/aR0Zn9i-h1c&quot;,&quot;video_type&quot;:&quot;youtube&quot;,&quot;controls&quot;:&quot;yes&quot;}\" data-widget_type=\"video.default\">\n\t\t\t\t<div class=\"elementor-widget-container\">\n\t\t\t\t\t\t\t<div class=\"elementor-wrapper elementor-open-inline\">\n\t\t\t<div class=\"elementor-video\"><\/div>\t\t<\/div>\n\t\t\t\t\t\t<\/div>\n\t\t\t\t<\/div>\n\t\t\t\t<\/div>\n\t\t<div class=\"elementor-element elementor-element-0145895 e-con-full e-flex e-con e-child\" data-id=\"0145895\" data-element_type=\"container\" data-e-type=\"container\" data-settings=\"{&quot;_ha_eqh_enable&quot;:false}\">\n\t\t\t\t<div class=\"elementor-element elementor-element-046d697 elementor-widget elementor-widget-text-editor\" data-id=\"046d697\" data-element_type=\"widget\" data-e-type=\"widget\" data-widget_type=\"text-editor.default\">\n\t\t\t\t<div class=\"elementor-widget-container\">\n\t\t\t\t\t\t\t\t\t<p><strong data-start=\"92\" data-end=\"135\">Priorize o Bem-Estar, Proteja o Futuro:<\/strong> Na Berta Consultoria, entendemos que cuidar dos nossos colaboradores vai al\u00e9m do dever, \u00e9 nossa miss\u00e3o. Investir em sa\u00fade e seguran\u00e7a no trabalho n\u00e3o s\u00f3 promove um ambiente saud\u00e1vel, mas tamb\u00e9m protege a seguran\u00e7a jur\u00eddica da sua empresa. Juntos, constru\u00edmos um ambiente seguro e produtivo para todos. Assista e saiba mais sobre como podemos ajudar a fortalecer sua equipe e proteger seu neg\u00f3cio.<\/p>\t\t\t\t\t\t\t\t<\/div>\n\t\t\t\t<\/div>\n\t\t\t\t<\/div>\n\t\t\t\t\t<\/div>\n\t\t\t\t<\/div>\n\t\t\t\t<\/div>\n\t\t","protected":false},"excerpt":{"rendered":"<p>Conhe\u00e7a nossa hist\u00f3ria A Berta Consultoria atua h\u00e1 mais de 16 anos com Sa\u00fade e Seguran\u00e7a do Trabalho, oferecendo solu\u00e7\u00f5es estrat\u00e9gicas que garantem ambientes mais seguros, eficientes e em conformidade com a legisla\u00e7\u00e3o. Sobre a Berta Fundada em 2009, a Berta Consultoria \u00e9 refer\u00eancia em Sa\u00fade e Seguran\u00e7a do Trabalho na Baixada Santista, oferecendo solu\u00e7\u00f5es [&hellip;]<\/p>\n","protected":false},"author":1,"featured_media":0,"parent":0,"menu_order":0,"comment_status":"closed","ping_status":"closed","template":"elementor_header_footer","meta":{"footnotes":""},"class_list":["post-14","page","type-page","status-publish","hentry"],"_links":{"self":[{"href":"http:\/\/www.bertaconsultoria.com.br\/index.php\/wp-json\/wp\/v2\/pages\/14","targetHints":{"allow":["GET"]}}],"collection":[{"href":"http:\/\/www.bertaconsultoria.com.br\/index.php\/wp-json\/wp\/v2\/pages"}],"about":[{"href":"http:\/\/www.bertaconsultoria.com.br\/index.php\/wp-json\/wp\/v2\/types\/page"}],"author":[{"embeddable":true,"href":"http:\/\/www.bertaconsultoria.com.br\/index.php\/wp-json\/wp\/v2\/users\/1"}],"replies":[{"embeddable":true,"href":"http:\/\/www.bertaconsultoria.com.br\/index.php\/wp-json\/wp\/v2\/comments?post=14"}],"version-history":[{"count":67,"href":"http:\/\/www.bertaconsultoria.com.br\/index.php\/wp-json\/wp\/v2\/pages\/14\/revisions"}],"predecessor-version":[{"id":741,"href":"http:\/\/www.bertaconsultoria.com.br\/index.php\/wp-json\/wp\/v2\/pages\/14\/revisions\/741"}],"wp:attachment":[{"href":"http:\/\/www.bertaconsultoria.com.br\/index.php\/wp-json\/wp\/v2\/media?parent=14"}],"curies":[{"name":"wp","href":"https:\/\/api.w.org\/{rel}","templated":true}]}}