{"id":20,"date":"2025-04-22T16:04:08","date_gmt":"2025-04-22T19:04:08","guid":{"rendered":"http:\/\/bertaconsultoria.web197.kinghost.net\/?page_id=20"},"modified":"2026-04-23T15:58:36","modified_gmt":"2026-04-23T18:58:36","slug":"localizacao","status":"publish","type":"page","link":"http:\/\/www.bertaconsultoria.com.br\/index.php\/localizacao\/","title":{"rendered":"Localiza\u00e7\u00e3o"},"content":{"rendered":"\t\t<div data-elementor-type=\"wp-page\" data-elementor-id=\"20\" class=\"elementor elementor-20\" data-elementor-settings=\"{&quot;ha_cmc_init_switcher&quot;:&quot;no&quot;}\">\n\t\t\t\t<div class=\"elementor-element elementor-element-2235931 e-flex e-con-boxed e-con e-parent\" data-id=\"2235931\" data-element_type=\"container\" data-e-type=\"container\" data-settings=\"{&quot;background_background&quot;:&quot;classic&quot;,&quot;_ha_eqh_enable&quot;:false}\">\n\t\t\t\t\t<div class=\"e-con-inner\">\n\t\t\t\t<div class=\"elementor-element elementor-element-2ddf0fc elementor-widget elementor-widget-heading\" data-id=\"2ddf0fc\" data-element_type=\"widget\" data-e-type=\"widget\" data-widget_type=\"heading.default\">\n\t\t\t\t<div class=\"elementor-widget-container\">\n\t\t\t\t\t<h2 class=\"elementor-heading-title elementor-size-default\">Estamos em um ponto de f\u00e1cil acesso!<\/h2>\t\t\t\t<\/div>\n\t\t\t\t<\/div>\n\t\t\t\t<div class=\"elementor-element elementor-element-7168887 elementor-widget elementor-widget-text-editor\" data-id=\"7168887\" data-element_type=\"widget\" data-e-type=\"widget\" data-widget_type=\"text-editor.default\">\n\t\t\t\t<div class=\"elementor-widget-container\">\n\t\t\t\t\t\t\t\t\t<p class=\"\" data-start=\"302\" data-end=\"691\">Pensado para facilitar o deslocamento de empresas, profissionais e colaboradores que buscam consultoria especializada, atendimento m\u00e9dico ocupacional e treinamentos em seguran\u00e7a do trabalho.&nbsp;&nbsp;<span style=\"font-size: 1rem;\">Al\u00e9m disso, nosso espa\u00e7o foi planejado para proporcionar conforto, efici\u00eancia e um ambiente ideal para capacita\u00e7\u00f5es pr\u00e1ticas e te\u00f3ricas, sempre alinhado \u00e0s normas regulamentadoras e \u00e0s melhores pr\u00e1ticas de sa\u00fade ocupacional.<\/span><\/p>\t\t\t\t\t\t\t\t<\/div>\n\t\t\t\t<\/div>\n\t\t\t\t\t<\/div>\n\t\t\t\t<\/div>\n\t\t<div class=\"elementor-element elementor-element-98c22d3 e-flex e-con-boxed e-con e-parent\" data-id=\"98c22d3\" data-element_type=\"container\" data-e-type=\"container\" data-settings=\"{&quot;_ha_eqh_enable&quot;:false}\">\n\t\t\t\t\t<div class=\"e-con-inner\">\n\t\t<div class=\"elementor-element elementor-element-c0bee84 e-con-full e-flex e-con e-child\" data-id=\"c0bee84\" data-element_type=\"container\" data-e-type=\"container\" data-settings=\"{&quot;_ha_eqh_enable&quot;:false}\">\n\t\t\t\t<div class=\"elementor-element elementor-element-3279730 elementor-widget elementor-widget-heading\" data-id=\"3279730\" data-element_type=\"widget\" data-e-type=\"widget\" data-widget_type=\"heading.default\">\n\t\t\t\t<div class=\"elementor-widget-container\">\n\t\t\t\t\t<h2 class=\"elementor-heading-title elementor-size-default\">Matriz Guaruj\u00e1<\/h2>\t\t\t\t<\/div>\n\t\t\t\t<\/div>\n\t\t\t\t<div class=\"elementor-element elementor-element-dc8e6d5 elementor-widget elementor-widget-google_maps\" data-id=\"dc8e6d5\" data-element_type=\"widget\" data-e-type=\"widget\" data-widget_type=\"google_maps.default\">\n\t\t\t\t<div class=\"elementor-widget-container\">\n\t\t\t\t\t\t\t<div class=\"elementor-custom-embed\">\n\t\t\t<iframe loading=\"lazy\"\n\t\t\t\t\tsrc=\"https:\/\/maps.google.com\/maps?q=Av.%20Artur%20Costa%20Filho%2C%20521%20-%20Vila%20Maia%2C%20Guaruj%C3%A1%20-%20SP%2C%2011410-080&#038;t=m&#038;z=10&#038;output=embed&#038;iwloc=near\"\n\t\t\t\t\ttitle=\"Av. Artur Costa Filho, 521 - Vila Maia, Guaruj\u00e1 - SP, 11410-080\"\n\t\t\t\t\taria-label=\"Av. Artur Costa Filho, 521 - Vila Maia, Guaruj\u00e1 - SP, 11410-080\"\n\t\t\t><\/iframe>\n\t\t<\/div>\n\t\t\t\t\t\t<\/div>\n\t\t\t\t<\/div>\n\t\t\t\t<\/div>\n\t\t<div class=\"elementor-element elementor-element-6e75286 e-con-full e-flex e-con e-child\" data-id=\"6e75286\" data-element_type=\"container\" data-e-type=\"container\" data-settings=\"{&quot;_ha_eqh_enable&quot;:false}\">\n\t\t\t\t<div class=\"elementor-element elementor-element-139d5d5 elementor-widget elementor-widget-heading\" data-id=\"139d5d5\" data-element_type=\"widget\" data-e-type=\"widget\" data-widget_type=\"heading.default\">\n\t\t\t\t<div class=\"elementor-widget-container\">\n\t\t\t\t\t<h2 class=\"elementor-heading-title elementor-size-default\">Filial Bertioga<\/h2>\t\t\t\t<\/div>\n\t\t\t\t<\/div>\n\t\t\t\t<div class=\"elementor-element elementor-element-88cca52 elementor-widget elementor-widget-google_maps\" data-id=\"88cca52\" data-element_type=\"widget\" data-e-type=\"widget\" data-widget_type=\"google_maps.default\">\n\t\t\t\t<div class=\"elementor-widget-container\">\n\t\t\t\t\t\t\t<div class=\"elementor-custom-embed\">\n\t\t\t<iframe loading=\"lazy\"\n\t\t\t\t\tsrc=\"https:\/\/maps.google.com\/maps?q=R.%20Rafael%20Cost%C3%A1bile%2C%20462%20-%20Centervalle%20-%20Centro%2C%20Bertioga%20-%20SP%2C%2011250-258&#038;t=m&#038;z=10&#038;output=embed&#038;iwloc=near\"\n\t\t\t\t\ttitle=\"R. Rafael Cost\u00e1bile, 462 - Centervalle - Centro, Bertioga - SP, 11250-258\"\n\t\t\t\t\taria-label=\"R. Rafael Cost\u00e1bile, 462 - Centervalle - Centro, Bertioga - SP, 11250-258\"\n\t\t\t><\/iframe>\n\t\t<\/div>\n\t\t\t\t\t\t<\/div>\n\t\t\t\t<\/div>\n\t\t\t\t<\/div>\n\t\t\t\t\t<\/div>\n\t\t\t\t<\/div>\n\t\t\t\t<\/div>\n\t\t","protected":false},"excerpt":{"rendered":"<p>Estamos em um ponto de f\u00e1cil acesso! Pensado para facilitar o deslocamento de empresas, profissionais e colaboradores que buscam consultoria especializada, atendimento m\u00e9dico ocupacional e treinamentos em seguran\u00e7a do trabalho.&nbsp;&nbsp;Al\u00e9m disso, nosso espa\u00e7o foi planejado para proporcionar conforto, efici\u00eancia e um ambiente ideal para capacita\u00e7\u00f5es pr\u00e1ticas e te\u00f3ricas, sempre alinhado \u00e0s normas regulamentadoras e \u00e0s [&hellip;]<\/p>\n","protected":false},"author":1,"featured_media":0,"parent":0,"menu_order":0,"comment_status":"closed","ping_status":"closed","template":"elementor_header_footer","meta":{"footnotes":""},"class_list":["post-20","page","type-page","status-publish","hentry"],"_links":{"self":[{"href":"http:\/\/www.bertaconsultoria.com.br\/index.php\/wp-json\/wp\/v2\/pages\/20","targetHints":{"allow":["GET"]}}],"collection":[{"href":"http:\/\/www.bertaconsultoria.com.br\/index.php\/wp-json\/wp\/v2\/pages"}],"about":[{"href":"http:\/\/www.bertaconsultoria.com.br\/index.php\/wp-json\/wp\/v2\/types\/page"}],"author":[{"embeddable":true,"href":"http:\/\/www.bertaconsultoria.com.br\/index.php\/wp-json\/wp\/v2\/users\/1"}],"replies":[{"embeddable":true,"href":"http:\/\/www.bertaconsultoria.com.br\/index.php\/wp-json\/wp\/v2\/comments?post=20"}],"version-history":[{"count":7,"href":"http:\/\/www.bertaconsultoria.com.br\/index.php\/wp-json\/wp\/v2\/pages\/20\/revisions"}],"predecessor-version":[{"id":1766,"href":"http:\/\/www.bertaconsultoria.com.br\/index.php\/wp-json\/wp\/v2\/pages\/20\/revisions\/1766"}],"wp:attachment":[{"href":"http:\/\/www.bertaconsultoria.com.br\/index.php\/wp-json\/wp\/v2\/media?parent=20"}],"curies":[{"name":"wp","href":"https:\/\/api.w.org\/{rel}","templated":true}]}}