{"id":22,"date":"2025-04-22T16:05:09","date_gmt":"2025-04-22T19:05:09","guid":{"rendered":"http:\/\/bertaconsultoria.web197.kinghost.net\/?page_id=22"},"modified":"2025-07-07T07:50:04","modified_gmt":"2025-07-07T10:50:04","slug":"https-www-ambulatorial-com-br-sesmt-html","status":"publish","type":"page","link":"http:\/\/www.bertaconsultoria.com.br\/index.php\/https-www-ambulatorial-com-br-sesmt-html\/","title":{"rendered":"\u00c1rea do Cliente"},"content":{"rendered":"\t\t<div data-elementor-type=\"wp-page\" data-elementor-id=\"22\" class=\"elementor elementor-22\" data-elementor-settings=\"{&quot;ha_cmc_init_switcher&quot;:&quot;no&quot;}\">\n\t\t\t\t<div class=\"elementor-element elementor-element-e38ddb6 e-flex e-con-boxed e-con e-parent\" data-id=\"e38ddb6\" data-element_type=\"container\" data-e-type=\"container\" data-settings=\"{&quot;background_background&quot;:&quot;classic&quot;,&quot;_ha_eqh_enable&quot;:false}\">\n\t\t\t\t\t<div class=\"e-con-inner\">\n\t\t\t\t<div class=\"elementor-element elementor-element-6168792 elementor-widget__width-initial elementor-widget elementor-widget-heading\" data-id=\"6168792\" data-element_type=\"widget\" data-e-type=\"widget\" data-widget_type=\"heading.default\">\n\t\t\t\t<div class=\"elementor-widget-container\">\n\t\t\t\t\t<h2 class=\"elementor-heading-title elementor-size-default\">\u00c1REA DO CLIENTE<\/h2>\t\t\t\t<\/div>\n\t\t\t\t<\/div>\n\t\t\t\t<div class=\"elementor-element elementor-element-0027a71 elementor-widget__width-initial elementor-widget elementor-widget-text-editor\" data-id=\"0027a71\" data-element_type=\"widget\" data-e-type=\"widget\" data-widget_type=\"text-editor.default\">\n\t\t\t\t<div class=\"elementor-widget-container\">\n\t\t\t\t\t\t\t\t\t<p>Ol\u00e1! Aqui voc\u00ea encontra todos os seus documentos prontos e acesso ao monitoramento de exames ocupacionais. Queremos que voc\u00ea encontre todas as respostas que procura por aqui. Tudo de forma simples, pr\u00e1tica e \u00e1gil. (:<\/p>\t\t\t\t\t\t\t\t<\/div>\n\t\t\t\t<\/div>\n\t\t\t\t<div class=\"elementor-element elementor-element-6b052c2 elementor-align-center elementor-widget elementor-widget-button\" data-id=\"6b052c2\" data-element_type=\"widget\" data-e-type=\"widget\" data-widget_type=\"button.default\">\n\t\t\t\t<div class=\"elementor-widget-container\">\n\t\t\t\t\t\t\t\t\t<div class=\"elementor-button-wrapper\">\n\t\t\t\t\t<a class=\"elementor-button elementor-button-link elementor-size-sm\" href=\"https:\/\/www.ambulatorial.com.br\/sesmt.html\" target=\"_blank\">\n\t\t\t\t\t\t<span class=\"elementor-button-content-wrapper\">\n\t\t\t\t\t\t\t\t\t<span class=\"elementor-button-text\">ACESSE AQUI<\/span>\n\t\t\t\t\t<\/span>\n\t\t\t\t\t<\/a>\n\t\t\t\t<\/div>\n\t\t\t\t\t\t\t\t<\/div>\n\t\t\t\t<\/div>\n\t\t\t\t<div class=\"elementor-element elementor-element-d502221 elementor-widget-divider--view-line elementor-widget elementor-widget-divider\" data-id=\"d502221\" data-element_type=\"widget\" data-e-type=\"widget\" data-widget_type=\"divider.default\">\n\t\t\t\t<div class=\"elementor-widget-container\">\n\t\t\t\t\t\t\t<div class=\"elementor-divider\">\n\t\t\t<span class=\"elementor-divider-separator\">\n\t\t\t\t\t\t<\/span>\n\t\t<\/div>\n\t\t\t\t\t\t<\/div>\n\t\t\t\t<\/div>\n\t\t\t\t<div class=\"elementor-element elementor-element-1cb757b elementor-widget__width-initial elementor-widget elementor-widget-heading\" data-id=\"1cb757b\" data-element_type=\"widget\" data-e-type=\"widget\" data-widget_type=\"heading.default\">\n\t\t\t\t<div class=\"elementor-widget-container\">\n\t\t\t\t\t<h2 class=\"elementor-heading-title elementor-size-default\">TREINAMENTO NR1 ONLINE <\/h2>\t\t\t\t<\/div>\n\t\t\t\t<\/div>\n\t\t\t\t<div class=\"elementor-element elementor-element-ba7f353 elementor-widget elementor-widget-video\" data-id=\"ba7f353\" data-element_type=\"widget\" data-e-type=\"widget\" data-settings=\"{&quot;youtube_url&quot;:&quot;https:\\\/\\\/youtu.be\\\/kpr_uuuQKRg&quot;,&quot;video_type&quot;:&quot;youtube&quot;,&quot;controls&quot;:&quot;yes&quot;}\" data-widget_type=\"video.default\">\n\t\t\t\t<div class=\"elementor-widget-container\">\n\t\t\t\t\t\t\t<div class=\"elementor-wrapper elementor-open-inline\">\n\t\t\t<div class=\"elementor-video\"><\/div>\t\t<\/div>\n\t\t\t\t\t\t<\/div>\n\t\t\t\t<\/div>\n\t\t\t\t<div class=\"elementor-element elementor-element-8a2dce9 elementor-widget__width-initial elementor-widget elementor-widget-text-editor\" data-id=\"8a2dce9\" data-element_type=\"widget\" data-e-type=\"widget\" data-widget_type=\"text-editor.default\">\n\t\t\t\t<div class=\"elementor-widget-container\">\n\t\t\t\t\t\t\t\t\t<p>Curso de seguran\u00e7a no trabalho com foco na preven\u00e7\u00e3o de inc\u00eandios, primeiros socorros e riscos ocupacionais, alinhados \u00e0s normas da OSHA. Ideal para proteger funcion\u00e1rios, reduzir acidentes e garantir a conformidade legal.<\/p><p>Inscreva-se e transforme a seguran\u00e7a da sua empresa!<\/p>\t\t\t\t\t\t\t\t<\/div>\n\t\t\t\t<\/div>\n\t\t\t\t<div class=\"elementor-element elementor-element-0f56350 elementor-align-center elementor-widget elementor-widget-button\" data-id=\"0f56350\" data-element_type=\"widget\" data-e-type=\"widget\" data-widget_type=\"button.default\">\n\t\t\t\t<div class=\"elementor-widget-container\">\n\t\t\t\t\t\t\t\t\t<div class=\"elementor-button-wrapper\">\n\t\t\t\t\t<a class=\"elementor-button elementor-button-link elementor-size-sm\" href=\"https:\/\/bertaconsultoria.eadplataforma.app\/\" target=\"_blank\">\n\t\t\t\t\t\t<span class=\"elementor-button-content-wrapper\">\n\t\t\t\t\t\t\t\t\t<span class=\"elementor-button-text\">ACESSE AQUI<\/span>\n\t\t\t\t\t<\/span>\n\t\t\t\t\t<\/a>\n\t\t\t\t<\/div>\n\t\t\t\t\t\t\t\t<\/div>\n\t\t\t\t<\/div>\n\t\t\t\t\t<\/div>\n\t\t\t\t<\/div>\n\t\t\t\t<\/div>\n\t\t","protected":false},"excerpt":{"rendered":"<p>\u00c1REA DO CLIENTE Ol\u00e1! Aqui voc\u00ea encontra todos os seus documentos prontos e acesso ao monitoramento de exames ocupacionais. Queremos que voc\u00ea encontre todas as respostas que procura por aqui. Tudo de forma simples, pr\u00e1tica e \u00e1gil. (: ACESSE AQUI TREINAMENTO NR1 ONLINE https:\/\/youtu.be\/kpr_uuuQKRg Curso de seguran\u00e7a no trabalho com foco na preven\u00e7\u00e3o de inc\u00eandios, [&hellip;]<\/p>\n","protected":false},"author":1,"featured_media":0,"parent":0,"menu_order":0,"comment_status":"closed","ping_status":"closed","template":"elementor_header_footer","meta":{"footnotes":""},"class_list":["post-22","page","type-page","status-publish","hentry"],"_links":{"self":[{"href":"http:\/\/www.bertaconsultoria.com.br\/index.php\/wp-json\/wp\/v2\/pages\/22","targetHints":{"allow":["GET"]}}],"collection":[{"href":"http:\/\/www.bertaconsultoria.com.br\/index.php\/wp-json\/wp\/v2\/pages"}],"about":[{"href":"http:\/\/www.bertaconsultoria.com.br\/index.php\/wp-json\/wp\/v2\/types\/page"}],"author":[{"embeddable":true,"href":"http:\/\/www.bertaconsultoria.com.br\/index.php\/wp-json\/wp\/v2\/users\/1"}],"replies":[{"embeddable":true,"href":"http:\/\/www.bertaconsultoria.com.br\/index.php\/wp-json\/wp\/v2\/comments?post=22"}],"version-history":[{"count":31,"href":"http:\/\/www.bertaconsultoria.com.br\/index.php\/wp-json\/wp\/v2\/pages\/22\/revisions"}],"predecessor-version":[{"id":1123,"href":"http:\/\/www.bertaconsultoria.com.br\/index.php\/wp-json\/wp\/v2\/pages\/22\/revisions\/1123"}],"wp:attachment":[{"href":"http:\/\/www.bertaconsultoria.com.br\/index.php\/wp-json\/wp\/v2\/media?parent=22"}],"curies":[{"name":"wp","href":"https:\/\/api.w.org\/{rel}","templated":true}]}}